{"id":501,"date":"2021-02-23T16:30:22","date_gmt":"2021-02-23T15:30:22","guid":{"rendered":"https:\/\/combitrans.1000dpi.com\/about-us\/"},"modified":"2021-04-27T13:00:14","modified_gmt":"2021-04-27T11:00:14","slug":"about-us","status":"publish","type":"page","link":"https:\/\/www.combitrans.es\/es\/about-us\/","title":{"rendered":"\u00bfQui\u00e9nes Somos?"},"content":{"rendered":"<p><div class=\"fusion-fullwidth fullwidth-box fusion-builder-row-1 fusion-flex-container nonhundred-percent-fullwidth non-hundred-percent-height-scrolling\" style=\"--awb-border-radius-top-left:0px;--awb-border-radius-top-right:0px;--awb-border-radius-bottom-right:0px;--awb-border-radius-bottom-left:0px;--awb-flex-wrap:wrap;\" ><div class=\"fusion-builder-row fusion-row fusion-flex-align-items-flex-start fusion-flex-content-wrap\" style=\"max-width:1248px;margin-left: calc(-4% \/ 2 );margin-right: calc(-4% \/ 2 );\"><div class=\"fusion-layout-column fusion_builder_column fusion-builder-column-0 fusion_builder_column_1_2 1_2 fusion-flex-column\" style=\"--awb-bg-size:cover;--awb-width-large:50%;--awb-margin-top-large:0px;--awb-spacing-right-large:3.84%;--awb-margin-bottom-large:20px;--awb-spacing-left-large:3.84%;--awb-width-medium:50%;--awb-order-medium:0;--awb-spacing-right-medium:3.84%;--awb-spacing-left-medium:3.84%;--awb-width-small:100%;--awb-order-small:0;--awb-spacing-right-small:1.92%;--awb-spacing-left-small:1.92%;\"><div class=\"fusion-column-wrapper fusion-column-has-shadow fusion-flex-justify-content-flex-start fusion-content-layout-column\"><div class=\"fusion-title title fusion-title-1 fusion-title-text fusion-title-size-five\"><div class=\"title-sep-container title-sep-container-left fusion-no-large-visibility fusion-no-medium-visibility fusion-no-small-visibility\"><div class=\"title-sep sep-double sep-solid\" style=\"border-color:#e2e2e2;\"><\/div><\/div><span class=\"awb-title-spacer fusion-no-large-visibility fusion-no-medium-visibility fusion-no-small-visibility\"><\/span><h5 class=\"fusion-title-heading title-heading-left\" style=\"margin:0;\">Combitrans Marbella<\/h5><span class=\"awb-title-spacer\"><\/span><div class=\"title-sep-container title-sep-container-right\"><div class=\"title-sep sep-double sep-solid\" style=\"border-color:#e2e2e2;\"><\/div><\/div><\/div><div class=\"fusion-text fusion-text-1\"><p>Combitrans se estableci\u00f3 en la Costa del Sol en 1996 y est\u00e1 especializada en mudanzas locales, nacionales e internacionales as\u00ed como en el servicio de almacenaje a largo y\/o a corto plazo.<\/p>\n<p>Nuestras oficinas centrales se encuentran ubicadas en Marbella. Contamos adem\u00e1s con 2 naves de gran capacidad en Marbella y Co\u00edn. Poseemos nuestra propia flota de veh\u00edculos y disponemos de todo el material de embalaje necesario para asegurarle un servicio cuidadoso y seguro en el manejo y empaquetado de sus pertenencias personales, ya se trate de una mudanza o de nuestro servicio de guardamuebles.<\/p>\n<\/div><\/div><\/div><div class=\"fusion-layout-column fusion_builder_column fusion-builder-column-1 fusion_builder_column_1_2 1_2 fusion-flex-column\" style=\"--awb-bg-size:cover;--awb-width-large:50%;--awb-margin-top-large:0px;--awb-spacing-right-large:3.84%;--awb-margin-bottom-large:20px;--awb-spacing-left-large:3.84%;--awb-width-medium:50%;--awb-order-medium:0;--awb-spacing-right-medium:3.84%;--awb-spacing-left-medium:3.84%;--awb-width-small:100%;--awb-order-small:0;--awb-spacing-right-small:1.92%;--awb-spacing-left-small:1.92%;\"><div class=\"fusion-column-wrapper fusion-column-has-shadow fusion-flex-justify-content-flex-start fusion-content-layout-column\"><div class=\"fusion-image-element \" style=\"--awb-caption-title-font-family:var(--h2_typography-font-family);--awb-caption-title-font-weight:var(--h2_typography-font-weight);--awb-caption-title-font-style:var(--h2_typography-font-style);--awb-caption-title-size:var(--h2_typography-font-size);--awb-caption-title-transform:var(--h2_typography-text-transform);--awb-caption-title-line-height:var(--h2_typography-line-height);--awb-caption-title-letter-spacing:var(--h2_typography-letter-spacing);\"><span class=\" fusion-imageframe imageframe-none imageframe-1 hover-type-zoomin\"><img decoding=\"async\" width=\"480\" height=\"640\" alt=\"About Combitrans Marbella\" title=\"About-Us-Truck\" src=\"https:\/\/www.combitrans.es\/\/wp-content\/uploads\/2021\/04\/About-Us-Truck.jpg\" class=\"img-responsive wp-image-699\" srcset=\"https:\/\/www.combitrans.es\/wp-content\/uploads\/2021\/04\/About-Us-Truck-200x267.jpg 200w, https:\/\/www.combitrans.es\/wp-content\/uploads\/2021\/04\/About-Us-Truck-400x533.jpg 400w, https:\/\/www.combitrans.es\/wp-content\/uploads\/2021\/04\/About-Us-Truck.jpg 480w\" sizes=\"(max-width: 640px) 100vw, 480px\" \/><\/span><\/div><\/div><\/div><\/div><\/div><div class=\"fusion-fullwidth fullwidth-box fusion-builder-row-2 fusion-flex-container nonhundred-percent-fullwidth non-hundred-percent-height-scrolling\" style=\"--awb-border-radius-top-left:0px;--awb-border-radius-top-right:0px;--awb-border-radius-bottom-right:0px;--awb-border-radius-bottom-left:0px;--awb-flex-wrap:wrap;\" ><div class=\"fusion-builder-row fusion-row fusion-flex-align-items-flex-start fusion-flex-content-wrap\" style=\"max-width:1248px;margin-left: calc(-4% \/ 2 );margin-right: calc(-4% \/ 2 );\"><div class=\"fusion-layout-column fusion_builder_column fusion-builder-column-2 fusion_builder_column_1_1 1_1 fusion-flex-column\" style=\"--awb-bg-size:cover;--awb-width-large:100%;--awb-margin-top-large:0px;--awb-spacing-right-large:1.92%;--awb-margin-bottom-large:20px;--awb-spacing-left-large:1.92%;--awb-width-medium:100%;--awb-order-medium:0;--awb-spacing-right-medium:1.92%;--awb-spacing-left-medium:1.92%;--awb-width-small:100%;--awb-order-small:0;--awb-spacing-right-small:1.92%;--awb-spacing-left-small:1.92%;\"><div class=\"fusion-column-wrapper fusion-column-has-shadow fusion-flex-justify-content-flex-start fusion-content-layout-column\"><div class=\"fusion-title title fusion-title-2 fusion-title-text fusion-title-size-four\"><div class=\"title-sep-container title-sep-container-left fusion-no-large-visibility fusion-no-medium-visibility fusion-no-small-visibility\"><div class=\"title-sep sep-double sep-solid\" style=\"border-color:#e2e2e2;\"><\/div><\/div><span class=\"awb-title-spacer fusion-no-large-visibility fusion-no-medium-visibility fusion-no-small-visibility\"><\/span><h4 class=\"fusion-title-heading title-heading-left\" style=\"margin:0;\">Asociaciones a las que pertenecemos<\/h4><span class=\"awb-title-spacer\"><\/span><div class=\"title-sep-container title-sep-container-right\"><div class=\"title-sep sep-double sep-solid\" style=\"border-color:#e2e2e2;\"><\/div><\/div><\/div><div class=\"awb-gallery-wrapper awb-gallery-wrapper-1 button-span-no\"><div style=\"margin:-12px;--awb-bordersize:0px;\" class=\"fusion-gallery fusion-gallery-container fusion-grid-5 fusion-columns-total-5 fusion-gallery-layout-grid fusion-gallery-1\"><div style=\"padding:12px;\" class=\"fusion-grid-column fusion-gallery-column fusion-gallery-column-5 hover-type-none\"><div class=\"fusion-gallery-image\"><a href=\"https:\/\/www.combitrans.es\/wp-content\/uploads\/2021\/04\/IAM-lg.jpg\" rel=\"noreferrer\" data-rel=\"iLightbox[gallery_image_1]\" class=\"fusion-lightbox\" target=\"_self\"><img decoding=\"async\" src=\"https:\/\/www.combitrans.es\/wp-content\/uploads\/2021\/04\/IAM-lg.jpg\" width=\"400\" height=\"300\" alt=\"Internatonal Association of Movers\" title=\"IAM-lg\" aria-label=\"IAM-lg\" class=\"img-responsive wp-image-685\" srcset=\"https:\/\/www.combitrans.es\/wp-content\/uploads\/2021\/04\/IAM-lg-200x150.jpg 200w, https:\/\/www.combitrans.es\/wp-content\/uploads\/2021\/04\/IAM-lg.jpg 400w\" sizes=\"(min-width: 2200px) 100vw, (min-width: 928px) 230px, (min-width: 856px) 288px, (min-width: 784px) 384px, (min-width: 712px) 576px, (min-width: 640px) 712px, \" \/><\/a><\/div><\/div><div style=\"padding:12px;\" class=\"fusion-grid-column fusion-gallery-column fusion-gallery-column-5 hover-type-none\"><div class=\"fusion-gallery-image\"><a href=\"https:\/\/www.combitrans.es\/wp-content\/uploads\/2021\/04\/Fedem-lg.jpg\" rel=\"noreferrer\" data-rel=\"iLightbox[gallery_image_1]\" class=\"fusion-lightbox\" target=\"_self\"><img decoding=\"async\" src=\"https:\/\/www.combitrans.es\/wp-content\/uploads\/2021\/04\/Fedem-lg.jpg\" width=\"400\" height=\"300\" alt=\"Federaci\u00f3n Espa\u00f1ola de Empresas de Mudanzas y Guardamuebles\" title=\"Fedem-lg\" aria-label=\"Fedem-lg\" class=\"img-responsive wp-image-682\" srcset=\"https:\/\/www.combitrans.es\/wp-content\/uploads\/2021\/04\/Fedem-lg-200x150.jpg 200w, https:\/\/www.combitrans.es\/wp-content\/uploads\/2021\/04\/Fedem-lg.jpg 400w\" sizes=\"(min-width: 2200px) 100vw, (min-width: 928px) 230px, (min-width: 856px) 288px, (min-width: 784px) 384px, (min-width: 712px) 576px, (min-width: 640px) 712px, \" \/><\/a><\/div><\/div><div style=\"padding:12px;\" class=\"fusion-grid-column fusion-gallery-column fusion-gallery-column-5 hover-type-none\"><div class=\"fusion-gallery-image\"><a href=\"https:\/\/www.combitrans.es\/wp-content\/uploads\/2021\/04\/Fedemac-lg.jpg\" rel=\"noreferrer\" data-rel=\"iLightbox[gallery_image_1]\" class=\"fusion-lightbox\" target=\"_self\"><img decoding=\"async\" src=\"https:\/\/www.combitrans.es\/wp-content\/uploads\/2021\/04\/Fedemac-lg.jpg\" width=\"400\" height=\"300\" alt=\"Fedemac European Movrers\" title=\"Fedemac-lg\" aria-label=\"Fedemac-lg\" class=\"img-responsive wp-image-679\" srcset=\"https:\/\/www.combitrans.es\/wp-content\/uploads\/2021\/04\/Fedemac-lg-200x150.jpg 200w, https:\/\/www.combitrans.es\/wp-content\/uploads\/2021\/04\/Fedemac-lg.jpg 400w\" sizes=\"(min-width: 2200px) 100vw, (min-width: 928px) 230px, (min-width: 856px) 288px, (min-width: 784px) 384px, (min-width: 712px) 576px, (min-width: 640px) 712px, \" \/><\/a><\/div><\/div><div style=\"padding:12px;\" class=\"fusion-grid-column fusion-gallery-column fusion-gallery-column-5 hover-type-none\"><div class=\"fusion-gallery-image\"><a href=\"https:\/\/www.combitrans.es\/wp-content\/uploads\/2021\/04\/CETM-lg.jpg\" rel=\"noreferrer\" data-rel=\"iLightbox[gallery_image_1]\" class=\"fusion-lightbox\" target=\"_self\"><img decoding=\"async\" src=\"https:\/\/www.combitrans.es\/wp-content\/uploads\/2021\/04\/CETM-lg.jpg\" width=\"400\" height=\"300\" alt=\"CETM\" title=\"CETM-lg\" aria-label=\"CETM-lg\" class=\"img-responsive wp-image-676\" srcset=\"https:\/\/www.combitrans.es\/wp-content\/uploads\/2021\/04\/CETM-lg-200x150.jpg 200w, https:\/\/www.combitrans.es\/wp-content\/uploads\/2021\/04\/CETM-lg.jpg 400w\" sizes=\"(min-width: 2200px) 100vw, (min-width: 928px) 230px, (min-width: 856px) 288px, (min-width: 784px) 384px, (min-width: 712px) 576px, (min-width: 640px) 712px, \" \/><\/a><\/div><\/div><div style=\"padding:12px;\" class=\"fusion-grid-column fusion-gallery-column fusion-gallery-column-5 hover-type-none\"><div class=\"fusion-gallery-image\"><a href=\"https:\/\/www.combitrans.es\/wp-content\/uploads\/2021\/04\/CETM-Fetrama-lg.jpg\" rel=\"noreferrer\" data-rel=\"iLightbox[gallery_image_1]\" class=\"fusion-lightbox\" target=\"_self\"><img decoding=\"async\" src=\"https:\/\/www.combitrans.es\/wp-content\/uploads\/2021\/04\/CETM-Fetrama-lg.jpg\" width=\"400\" height=\"300\" alt=\"CETM Fetrama\" title=\"CETM-Fetrama-lg\" aria-label=\"CETM-Fetrama-lg\" class=\"img-responsive wp-image-673\" srcset=\"https:\/\/www.combitrans.es\/wp-content\/uploads\/2021\/04\/CETM-Fetrama-lg-200x150.jpg 200w, https:\/\/www.combitrans.es\/wp-content\/uploads\/2021\/04\/CETM-Fetrama-lg.jpg 400w\" sizes=\"(min-width: 2200px) 100vw, (min-width: 928px) 230px, (min-width: 856px) 288px, (min-width: 784px) 384px, (min-width: 712px) 576px, (min-width: 640px) 712px, \" \/><\/a><\/div><\/div><div class=\"clearfix\"><\/div><\/div><\/div><\/div><\/div><\/div><\/div><\/p>\n","protected":false},"excerpt":{"rendered":"","protected":false},"author":1,"featured_media":0,"parent":0,"menu_order":0,"comment_status":"closed","ping_status":"closed","template":"","meta":{"footnotes":""},"class_list":["post-501","page","type-page","status-publish","hentry"],"_links":{"self":[{"href":"https:\/\/www.combitrans.es\/es\/wp-json\/wp\/v2\/pages\/501","targetHints":{"allow":["GET"]}}],"collection":[{"href":"https:\/\/www.combitrans.es\/es\/wp-json\/wp\/v2\/pages"}],"about":[{"href":"https:\/\/www.combitrans.es\/es\/wp-json\/wp\/v2\/types\/page"}],"author":[{"embeddable":true,"href":"https:\/\/www.combitrans.es\/es\/wp-json\/wp\/v2\/users\/1"}],"replies":[{"embeddable":true,"href":"https:\/\/www.combitrans.es\/es\/wp-json\/wp\/v2\/comments?post=501"}],"version-history":[{"count":16,"href":"https:\/\/www.combitrans.es\/es\/wp-json\/wp\/v2\/pages\/501\/revisions"}],"predecessor-version":[{"id":951,"href":"https:\/\/www.combitrans.es\/es\/wp-json\/wp\/v2\/pages\/501\/revisions\/951"}],"wp:attachment":[{"href":"https:\/\/www.combitrans.es\/es\/wp-json\/wp\/v2\/media?parent=501"}],"curies":[{"name":"wp","href":"https:\/\/api.w.org\/{rel}","templated":true}]}}