{"id":505,"date":"2021-02-23T16:26:00","date_gmt":"2021-02-23T15:26:00","guid":{"rendered":"https:\/\/combitrans.1000dpi.com\/our-services\/"},"modified":"2021-04-21T21:01:54","modified_gmt":"2021-04-21T19:01:54","slug":"our-services","status":"publish","type":"page","link":"https:\/\/www.combitrans.es\/es\/our-services\/","title":{"rendered":"Nuestros Servicios"},"content":{"rendered":"<div class=\"fusion-fullwidth fullwidth-box fusion-builder-row-1 fusion-flex-container nonhundred-percent-fullwidth non-hundred-percent-height-scrolling\" style=\"--awb-background-position:left top;--awb-border-radius-top-left:0px;--awb-border-radius-top-right:0px;--awb-border-radius-bottom-right:0px;--awb-border-radius-bottom-left:0px;--awb-flex-wrap:wrap;\" ><div class=\"fusion-builder-row fusion-row fusion-flex-align-items-flex-start fusion-flex-content-wrap\" style=\"max-width:1248px;margin-left: calc(-4% \/ 2 );margin-right: calc(-4% \/ 2 );\"><div class=\"fusion-layout-column fusion_builder_column fusion-builder-column-0 fusion_builder_column_1_3 1_3 fusion-flex-column fusion-animated\" style=\"--awb-padding-top:20px;--awb-padding-right:20px;--awb-padding-bottom:20px;--awb-padding-left:20px;--awb-overflow:hidden;--awb-bg-color:#f2f5f8;--awb-bg-color-hover:#f2f5f8;--awb-bg-size:cover;--awb-border-radius:8px 8px 8px 8px;--awb-width-large:33.333333333333%;--awb-margin-top-large:0px;--awb-spacing-right-large:5.76%;--awb-margin-bottom-large:20px;--awb-spacing-left-large:5.76%;--awb-width-medium:33.333333333333%;--awb-order-medium:0;--awb-spacing-right-medium:5.76%;--awb-spacing-left-medium:5.76%;--awb-width-small:100%;--awb-order-small:0;--awb-spacing-right-small:1.92%;--awb-spacing-left-small:1.92%;\" data-animationType=\"fadeInUp\" data-animationDuration=\"0.6\" data-animationOffset=\"top-into-view\"><div class=\"fusion-column-wrapper fusion-column-has-shadow fusion-flex-justify-content-flex-start fusion-content-layout-column\"><div class=\"fusion-image-element \" style=\"text-align:center;--awb-caption-title-font-family:var(--h2_typography-font-family);--awb-caption-title-font-weight:var(--h2_typography-font-weight);--awb-caption-title-font-style:var(--h2_typography-font-style);--awb-caption-title-size:var(--h2_typography-font-size);--awb-caption-title-transform:var(--h2_typography-text-transform);--awb-caption-title-line-height:var(--h2_typography-line-height);--awb-caption-title-letter-spacing:var(--h2_typography-letter-spacing);\"><span class=\" fusion-imageframe imageframe-none imageframe-1 hover-type-zoomin\" style=\"border-radius:4px;\"><img decoding=\"async\" width=\"480\" height=\"320\" title=\"National-Removals\" src=\"https:\/\/www.combitrans.es\/\/wp-content\/uploads\/2021\/02\/National-Removals-1.jpg\" alt class=\"img-responsive wp-image-442\" srcset=\"https:\/\/www.combitrans.es\/wp-content\/uploads\/2021\/02\/National-Removals-1-200x133.jpg 200w, https:\/\/www.combitrans.es\/wp-content\/uploads\/2021\/02\/National-Removals-1-400x267.jpg 400w, https:\/\/www.combitrans.es\/wp-content\/uploads\/2021\/02\/National-Removals-1.jpg 480w\" sizes=\"(max-width: 640px) 100vw, 400px\" \/><\/span><\/div><div class=\"fusion-builder-row fusion-builder-row-inner fusion-row fusion-flex-align-items-flex-start fusion-flex-content-wrap\" style=\"width:104% !important;max-width:104% !important;margin-left: calc(-4% \/ 2 );margin-right: calc(-4% \/ 2 );\"><div class=\"fusion-layout-column fusion_builder_column_inner fusion-builder-nested-column-0 fusion_builder_column_inner_1_1 1_1 fusion-flex-column\" style=\"--awb-padding-top:30px;--awb-padding-right:20px;--awb-padding-bottom:30px;--awb-padding-left:20px;--awb-bg-color:#ffffff;--awb-bg-color-hover:#ffffff;--awb-bg-size:cover;--awb-width-large:100%;--awb-margin-top-large:20px;--awb-spacing-right-large:1.92%;--awb-margin-bottom-large:0px;--awb-spacing-left-large:1.92%;--awb-width-medium:100%;--awb-spacing-right-medium:1.92%;--awb-spacing-left-medium:1.92%;--awb-width-small:100%;--awb-spacing-right-small:1.92%;--awb-spacing-left-small:1.92%;\"><div class=\"fusion-column-wrapper fusion-flex-justify-content-flex-start fusion-content-layout-column\"><div class=\"fusion-title title fusion-title-1 fusion-sep-none fusion-title-center fusion-title-text fusion-title-size-five\" style=\"--awb-margin-bottom:10px;\"><h5 class=\"fusion-title-heading title-heading-center\" style=\"margin:0;\"><p style=\"text-align: center;\">Mudanzas dentro de Espa\u00f1a<\/p><\/h5><\/div><div class=\"fusion-text fusion-text-1\"><p style=\"text-align: center;\">Los servicios que ofrece Combitrans incluyen mudanzas locales que cubren la Costa del Sol desde M\u00e1laga a C\u00e1diz y todas las regiones intermedias, como Mijas Costa, Fuengirola, Sotogrande, Marbella, Puerto Ban\u00fas, Estepona, etc.<\/p>\n<\/div><div class=\"fusion-separator fusion-full-width-sep\" style=\"align-self: center;margin-left: auto;margin-right: auto;margin-bottom:10px;width:100%;\"><\/div><div style=\"text-align:center;\"><a class=\"fusion-button button-flat fusion-button-default-size button-custom fusion-button-default button-1 fusion-button-default-span \" style=\"--button_accent_color:#ffffff;--button_border_color:rgba(39,47,111,0);--button_accent_hover_color:#ffffff;--button_border_hover_color:#105378;--button_gradient_top_color:#272f6f;--button_gradient_bottom_color:#272f6f;--button_gradient_top_color_hover:#1a80b6;--button_gradient_bottom_color_hover:#1a80b6;\" target=\"_self\" title=\"Mudanzas nacionales\" aria-label=\"Mudanzas nacionales\" href=\"https:\/\/www.combitrans.es\/\/es\/domestic-removals\/\"><span class=\"fusion-button-text awb-button__text awb-button__text--default\">M\u00e1s informaci\u00f3n<\/span><\/a><\/div><\/div><\/div><\/div><\/div><\/div><div class=\"fusion-layout-column fusion_builder_column fusion-builder-column-1 fusion_builder_column_1_3 1_3 fusion-flex-column fusion-animated\" style=\"--awb-padding-top:20px;--awb-padding-right:20px;--awb-padding-bottom:20px;--awb-padding-left:20px;--awb-overflow:hidden;--awb-bg-color:#f2f5f8;--awb-bg-color-hover:#f2f5f8;--awb-bg-size:cover;--awb-border-radius:8px 8px 8px 8px;--awb-width-large:33.333333333333%;--awb-margin-top-large:0px;--awb-spacing-right-large:5.76%;--awb-margin-bottom-large:20px;--awb-spacing-left-large:5.76%;--awb-width-medium:33.333333333333%;--awb-order-medium:0;--awb-spacing-right-medium:5.76%;--awb-spacing-left-medium:5.76%;--awb-width-small:100%;--awb-order-small:0;--awb-spacing-right-small:1.92%;--awb-spacing-left-small:1.92%;\" data-animationType=\"fadeInUp\" data-animationDuration=\"0.6\" data-animationOffset=\"top-into-view\"><div class=\"fusion-column-wrapper fusion-column-has-shadow fusion-flex-justify-content-flex-start fusion-content-layout-column\"><div class=\"fusion-image-element \" style=\"text-align:center;--awb-caption-title-font-family:var(--h2_typography-font-family);--awb-caption-title-font-weight:var(--h2_typography-font-weight);--awb-caption-title-font-style:var(--h2_typography-font-style);--awb-caption-title-size:var(--h2_typography-font-size);--awb-caption-title-transform:var(--h2_typography-text-transform);--awb-caption-title-line-height:var(--h2_typography-line-height);--awb-caption-title-letter-spacing:var(--h2_typography-letter-spacing);\"><span class=\" fusion-imageframe imageframe-none imageframe-2 hover-type-zoomin\" style=\"border-radius:4px;\"><img decoding=\"async\" width=\"480\" height=\"320\" title=\"International-Removals\" src=\"https:\/\/www.combitrans.es\/\/wp-content\/uploads\/2021\/02\/International-Removals.jpg\" alt class=\"img-responsive wp-image-438\" srcset=\"https:\/\/www.combitrans.es\/wp-content\/uploads\/2021\/02\/International-Removals-200x133.jpg 200w, https:\/\/www.combitrans.es\/wp-content\/uploads\/2021\/02\/International-Removals-400x267.jpg 400w, https:\/\/www.combitrans.es\/wp-content\/uploads\/2021\/02\/International-Removals.jpg 480w\" sizes=\"(max-width: 640px) 100vw, 400px\" \/><\/span><\/div><div class=\"fusion-builder-row fusion-builder-row-inner fusion-row fusion-flex-align-items-flex-start fusion-flex-content-wrap\" style=\"width:104% !important;max-width:104% !important;margin-left: calc(-4% \/ 2 );margin-right: calc(-4% \/ 2 );\"><div class=\"fusion-layout-column fusion_builder_column_inner fusion-builder-nested-column-1 fusion_builder_column_inner_1_1 1_1 fusion-flex-column\" style=\"--awb-padding-top:30px;--awb-padding-right:20px;--awb-padding-bottom:30px;--awb-padding-left:20px;--awb-bg-color:#ffffff;--awb-bg-color-hover:#ffffff;--awb-bg-size:cover;--awb-width-large:100%;--awb-margin-top-large:20px;--awb-spacing-right-large:1.92%;--awb-margin-bottom-large:0px;--awb-spacing-left-large:1.92%;--awb-width-medium:100%;--awb-spacing-right-medium:1.92%;--awb-spacing-left-medium:1.92%;--awb-width-small:100%;--awb-spacing-right-small:1.92%;--awb-spacing-left-small:1.92%;\"><div class=\"fusion-column-wrapper fusion-flex-justify-content-flex-start fusion-content-layout-column\"><div class=\"fusion-title title fusion-title-2 fusion-sep-none fusion-title-center fusion-title-text fusion-title-size-five\" style=\"--awb-margin-bottom:10px;\"><h5 class=\"fusion-title-heading title-heading-center\" style=\"margin:0;\"><p style=\"text-align: center;\">Mudanzas Internacionales<\/p><\/h5><\/div><div class=\"fusion-text fusion-text-2\"><p style=\"text-align: center;\">Combitrans est\u00e1 totalmente especializado en mudanzas internacionales. Organizamos env\u00edos semanales a todo el mundo desde Estados Unidos hasta Australia. O quiz\u00e1s a Dubai, \u00c1frica, Sudam\u00e9rica, Espa\u00f1a, Canad\u00e1 o cualquier otro pa\u00eds del mundo<\/p>\n<\/div><div class=\"fusion-separator fusion-full-width-sep\" style=\"align-self: center;margin-left: auto;margin-right: auto;margin-bottom:10px;width:100%;\"><\/div><div style=\"text-align:center;\"><a class=\"fusion-button button-flat fusion-button-default-size button-custom fusion-button-default button-2 fusion-button-default-span \" style=\"--button_accent_color:#ffffff;--button_border_color:rgba(39,47,111,0);--button_accent_hover_color:#ffffff;--button_border_hover_color:#105378;--button_gradient_top_color:#272f6f;--button_gradient_bottom_color:#272f6f;--button_gradient_top_color_hover:#1a80b6;--button_gradient_bottom_color_hover:#1a80b6;\" target=\"_self\" title=\"Mudanzas Internacionales\" aria-label=\"Mudanzas Internacionales\" href=\"https:\/\/www.combitrans.es\/\/es\/international-removals\/\"><span class=\"fusion-button-text awb-button__text awb-button__text--default\">M\u00e1s informaci\u00f3n<\/span><\/a><\/div><\/div><\/div><\/div><\/div><\/div><div class=\"fusion-layout-column fusion_builder_column fusion-builder-column-2 fusion_builder_column_1_3 1_3 fusion-flex-column fusion-animated\" style=\"--awb-padding-top:20px;--awb-padding-right:20px;--awb-padding-bottom:20px;--awb-padding-left:20px;--awb-overflow:hidden;--awb-bg-color:#f2f5f8;--awb-bg-color-hover:#f2f5f8;--awb-bg-size:cover;--awb-border-radius:8px 8px 8px 8px;--awb-width-large:33.333333333333%;--awb-margin-top-large:0px;--awb-spacing-right-large:5.76%;--awb-margin-bottom-large:20px;--awb-spacing-left-large:5.76%;--awb-width-medium:33.333333333333%;--awb-order-medium:0;--awb-spacing-right-medium:5.76%;--awb-spacing-left-medium:5.76%;--awb-width-small:100%;--awb-order-small:0;--awb-spacing-right-small:1.92%;--awb-spacing-left-small:1.92%;\" data-animationType=\"fadeInUp\" data-animationDuration=\"0.6\" data-animationOffset=\"top-into-view\"><div class=\"fusion-column-wrapper fusion-column-has-shadow fusion-flex-justify-content-flex-start fusion-content-layout-column\"><div class=\"fusion-image-element \" style=\"text-align:center;--awb-caption-title-font-family:var(--h2_typography-font-family);--awb-caption-title-font-weight:var(--h2_typography-font-weight);--awb-caption-title-font-style:var(--h2_typography-font-style);--awb-caption-title-size:var(--h2_typography-font-size);--awb-caption-title-transform:var(--h2_typography-text-transform);--awb-caption-title-line-height:var(--h2_typography-line-height);--awb-caption-title-letter-spacing:var(--h2_typography-letter-spacing);\"><span class=\" fusion-imageframe imageframe-none imageframe-3 hover-type-zoomin\" style=\"border-radius:4px;\"><img decoding=\"async\" width=\"900\" height=\"600\" alt=\"Storage - Combitrans\" title=\"Storage\" src=\"https:\/\/www.combitrans.es\/\/wp-content\/uploads\/2021\/04\/Storage.jpg\" class=\"img-responsive wp-image-651\" srcset=\"https:\/\/www.combitrans.es\/wp-content\/uploads\/2021\/04\/Storage-200x133.jpg 200w, https:\/\/www.combitrans.es\/wp-content\/uploads\/2021\/04\/Storage-400x267.jpg 400w, https:\/\/www.combitrans.es\/wp-content\/uploads\/2021\/04\/Storage-600x400.jpg 600w, https:\/\/www.combitrans.es\/wp-content\/uploads\/2021\/04\/Storage-800x533.jpg 800w, https:\/\/www.combitrans.es\/wp-content\/uploads\/2021\/04\/Storage.jpg 900w\" sizes=\"(max-width: 640px) 100vw, 400px\" \/><\/span><\/div><div class=\"fusion-builder-row fusion-builder-row-inner fusion-row fusion-flex-align-items-flex-start fusion-flex-content-wrap\" style=\"width:104% !important;max-width:104% !important;margin-left: calc(-4% \/ 2 );margin-right: calc(-4% \/ 2 );\"><div class=\"fusion-layout-column fusion_builder_column_inner fusion-builder-nested-column-2 fusion_builder_column_inner_1_1 1_1 fusion-flex-column\" style=\"--awb-padding-top:30px;--awb-padding-right:20px;--awb-padding-bottom:30px;--awb-padding-left:20px;--awb-bg-color:#ffffff;--awb-bg-color-hover:#ffffff;--awb-bg-size:cover;--awb-width-large:100%;--awb-margin-top-large:20px;--awb-spacing-right-large:1.92%;--awb-margin-bottom-large:0px;--awb-spacing-left-large:1.92%;--awb-width-medium:100%;--awb-spacing-right-medium:1.92%;--awb-spacing-left-medium:1.92%;--awb-width-small:100%;--awb-spacing-right-small:1.92%;--awb-spacing-left-small:1.92%;\"><div class=\"fusion-column-wrapper fusion-flex-justify-content-flex-start fusion-content-layout-column\"><div class=\"fusion-title title fusion-title-3 fusion-sep-none fusion-title-center fusion-title-text fusion-title-size-five\" style=\"--awb-margin-bottom:10px;\"><h5 class=\"fusion-title-heading title-heading-center\" style=\"margin:0;\"><p style=\"text-align: center;\">Almacenamiento<\/p><\/h5><\/div><div class=\"fusion-text fusion-text-3\"><div class=\"text-2\">\n<p style=\"text-align: center;\">Un servicio de apoyo importante es el almacenamiento de art\u00edculos dom\u00e9sticos e inventario. Contamos con una enorme capacidad de almacenamiento, disponible tanto a largo como a corto plazo.<\/p>\n<\/div>\n<\/div><div class=\"fusion-separator fusion-full-width-sep\" style=\"align-self: center;margin-left: auto;margin-right: auto;margin-bottom:10px;width:100%;\"><\/div><div style=\"text-align:center;\"><a class=\"fusion-button button-flat fusion-button-default-size button-custom fusion-button-default button-3 fusion-button-default-span \" style=\"--button_accent_color:#ffffff;--button_border_color:rgba(39,47,111,0);--button_accent_hover_color:#ffffff;--button_border_hover_color:#105378;--button_gradient_top_color:#272f6f;--button_gradient_bottom_color:#272f6f;--button_gradient_top_color_hover:#1a80b6;--button_gradient_bottom_color_hover:#1a80b6;\" target=\"_self\" title=\"Almacenamiento\" aria-label=\"Almacenamiento\" href=\"https:\/\/www.combitrans.es\/\/es\/storage\/\"><span class=\"fusion-button-text awb-button__text awb-button__text--default\">M\u00e1s informaci\u00f3n<\/span><\/a><\/div><\/div><\/div><\/div><\/div><\/div><\/div><\/div>\n","protected":false},"excerpt":{"rendered":"","protected":false},"author":1,"featured_media":0,"parent":0,"menu_order":0,"comment_status":"closed","ping_status":"closed","template":"100-width.php","meta":{"footnotes":""},"class_list":["post-505","page","type-page","status-publish","hentry"],"_links":{"self":[{"href":"https:\/\/www.combitrans.es\/es\/wp-json\/wp\/v2\/pages\/505","targetHints":{"allow":["GET"]}}],"collection":[{"href":"https:\/\/www.combitrans.es\/es\/wp-json\/wp\/v2\/pages"}],"about":[{"href":"https:\/\/www.combitrans.es\/es\/wp-json\/wp\/v2\/types\/page"}],"author":[{"embeddable":true,"href":"https:\/\/www.combitrans.es\/es\/wp-json\/wp\/v2\/users\/1"}],"replies":[{"embeddable":true,"href":"https:\/\/www.combitrans.es\/es\/wp-json\/wp\/v2\/comments?post=505"}],"version-history":[{"count":11,"href":"https:\/\/www.combitrans.es\/es\/wp-json\/wp\/v2\/pages\/505\/revisions"}],"predecessor-version":[{"id":804,"href":"https:\/\/www.combitrans.es\/es\/wp-json\/wp\/v2\/pages\/505\/revisions\/804"}],"wp:attachment":[{"href":"https:\/\/www.combitrans.es\/es\/wp-json\/wp\/v2\/media?parent=505"}],"curies":[{"name":"wp","href":"https:\/\/api.w.org\/{rel}","templated":true}]}}